{"id":986,"date":"2022-11-17T17:13:03","date_gmt":"2022-11-17T16:13:03","guid":{"rendered":"http:\/\/ccr.haxelia.com\/?page_id=986"},"modified":"2025-03-17T15:18:41","modified_gmt":"2025-03-17T14:18:41","slug":"equipo","status":"publish","type":"page","link":"https:\/\/centroclinicozurbano.com\/?page_id=986","title":{"rendered":"Equipo"},"content":{"rendered":"\n<div class=\"wp-block-uagb-container uagb-block-f660b73a alignfull uagb-is-root-container\"><div class=\"uagb-container-inner-blocks-wrap\">\n<div class=\"wp-block-uagb-advanced-heading uagb-block-39cad728\"><h1 class=\"uagb-heading-text\">Equipo M\u00e9dico<\/h1><p class=\"uagb-desc-text\">ZURBANO Centro Cl\u00ednico<\/p><\/div>\n<\/div><\/div>\n\n\n\n<div class=\"wp-block-uagb-container uagb-block-ab3aca98 alignfull uagb-is-root-container\"><div class=\"uagb-container-inner-blocks-wrap\">\n<div class=\"wp-block-uagb-container uagb-block-e741d515\">\n<div class=\"wp-block-uagb-team uagb-team__image-position-above uagb-team__align-center uagb-team__stack-tablet uagb-block-937426c3\"><div class=\"uagb-team__content\"><img decoding=\"async\" class=\"uagb-team__image-crop-circle\" src=\"http:\/\/ccr.haxelia.com\/wp-content\/uploads\/2022\/11\/FOTO-Dra.-MAIPA-ORDUNA-DIEZ-1-e1583831980127-150x150.jpg\" alt=\"\" height=\"100\" width=\"100\" loading=\"lazy\"\/><h4 class=\"uagb-team__title\">Dra. M del Prado Ordu\u00f1a<\/h4><span class=\"uagb-team__prefix\">Medicina Nuclear<\/span><p class=\"uagb-team__desc\">M\u00e9dico especialista en Medicina Nuclear, supervisora de instalaciones radiactivas, Jefe de Servicio del Hospital Ram\u00f3n y Cajal<\/p><ul class=\"uagb-team__social-list\"><li class=\"uagb-team__social-icon\"><a href=\"https:\/\/www.linkedin.com\/in\/mar%C3%ADa-del-prado-ordu%C3%B1a-d%C3%ADez-91696560\/?originalSubdomain=es\" aria-label=\"linkedin\" target=\"_self\" title=\"\" rel=\"noopener noreferrer\"><svg xmlns=\"https:\/\/www.w3.org\/2000\/svg\" viewBox=\"0 0 448 512\"><path d=\"M416 32H31.9C14.3 32 0 46.5 0 64.3v383.4C0 465.5 14.3 480 31.9 480H416c17.6 0 32-14.5 32-32.3V64.3c0-17.8-14.4-32.3-32-32.3zM135.4 416H69V202.2h66.5V416zm-33.2-243c-21.3 0-38.5-17.3-38.5-38.5S80.9 96 102.2 96c21.2 0 38.5 17.3 38.5 38.5 0 21.3-17.2 38.5-38.5 38.5zm282.1 243h-66.4V312c0-24.8-.5-56.7-34.5-56.7-34.6 0-39.9 27-39.9 54.9V416h-66.4V202.2h63.7v29.2h.9c8.9-16.8 30.6-34.5 62.9-34.5 67.2 0 79.7 44.3 79.7 101.9V416z\"><\/path><\/svg><\/a><\/li><\/ul><\/div><\/div>\n<\/div>\n\n\n\n<div class=\"wp-block-uagb-container uagb-block-7b7061d0\">\n<div class=\"wp-block-uagb-team uagb-team__image-position-above uagb-team__align-center uagb-team__stack-tablet uagb-block-1bde4fe0\"><div class=\"uagb-team__content\"><img decoding=\"async\" class=\"uagb-team__image-crop-circle\" src=\"http:\/\/ccr.haxelia.com\/wp-content\/uploads\/2022\/11\/d343d9ef794778a399d8a60767afbb13_400x400-150x150.jpeg\" alt=\"\" height=\"100\" width=\"100\" loading=\"lazy\"\/><h4 class=\"uagb-team__title\"><strong>Dra. Susana Garc\u00eda D\u00edez<\/strong><\/h4><span class=\"uagb-team__prefix\">Medicina Nuclear<\/span><p class=\"uagb-team__desc\">M\u00e9dico especialista en Medicina Nuclear, Supervisora de instalaciones radiactivas.<\/p><ul class=\"uagb-team__social-list\"><li class=\"uagb-team__social-icon\"><a href=\"https:\/\/www.linkedin.com\/in\/susana-garc%C3%ADa-diez-90121623\/\" aria-label=\"linkedin\" target=\"_self\" title=\"\" rel=\"noopener noreferrer\"><svg xmlns=\"https:\/\/www.w3.org\/2000\/svg\" viewBox=\"0 0 448 512\"><path d=\"M416 32H31.9C14.3 32 0 46.5 0 64.3v383.4C0 465.5 14.3 480 31.9 480H416c17.6 0 32-14.5 32-32.3V64.3c0-17.8-14.4-32.3-32-32.3zM135.4 416H69V202.2h66.5V416zm-33.2-243c-21.3 0-38.5-17.3-38.5-38.5S80.9 96 102.2 96c21.2 0 38.5 17.3 38.5 38.5 0 21.3-17.2 38.5-38.5 38.5zm282.1 243h-66.4V312c0-24.8-.5-56.7-34.5-56.7-34.6 0-39.9 27-39.9 54.9V416h-66.4V202.2h63.7v29.2h.9c8.9-16.8 30.6-34.5 62.9-34.5 67.2 0 79.7 44.3 79.7 101.9V416z\"><\/path><\/svg><\/a><\/li><\/ul><\/div><\/div>\n<\/div>\n\n\n\n<div class=\"wp-block-uagb-container uagb-block-5a63e985\">\n<div class=\"wp-block-uagb-team uagb-team__image-position-above uagb-team__align-center uagb-team__stack-tablet uagb-block-9404f039\"><div class=\"uagb-team__content\"><img decoding=\"async\" class=\"uagb-team__image-crop-normal\" src=\"https:\/\/centroclinicozurbano.com\/wp-content\/uploads\/2025\/03\/1b5f6ad1-8a22-4d1d-9bb9-03a0b79ced64-_1_.png\" alt=\"\" height=\"138\" width=\"138\" loading=\"lazy\"\/><h4 class=\"uagb-team__title\"><strong>Dra. Susana de Pedraza<\/strong><\/h4><span class=\"uagb-team__prefix\">Radiodiagn\u00f3stico<\/span><p class=\"uagb-team__desc\">M\u00e9dico especialista en Radiodiagn\u00f3stico<\/p><ul class=\"uagb-team__social-list\"><\/ul><\/div><\/div>\n<\/div>\n\n\n\n<div class=\"wp-block-uagb-container uagb-block-b43ecc1c\">\n<div class=\"wp-block-uagb-team uagb-team__image-position-above uagb-team__align-center uagb-team__stack-tablet uagb-block-c0873c45\"><div class=\"uagb-team__content\"><img decoding=\"async\" class=\"uagb-team__image-crop-normal\" src=\"https:\/\/centroclinicozurbano.com\/wp-content\/uploads\/2025\/03\/1b5f6ad1-8a22-4d1d-9bb9-03a0b79ced64-_1_.png\" alt=\"\" height=\"138\" width=\"138\" loading=\"lazy\"\/><h4 class=\"uagb-team__title\"><strong>Dra. Erica Mutuverr\u00eda<\/strong><\/h4><span class=\"uagb-team__prefix\">Medicina General<\/span><p class=\"uagb-team__desc\">Medico especialista en Medicina General y Ecograf\u00eda<\/p><ul class=\"uagb-team__social-list\"><\/ul><\/div><\/div>\n<\/div>\n<\/div><\/div>\n\n\n\n<div class=\"wp-block-uagb-container uagb-block-bcbf1e64 alignfull uagb-is-root-container\"><div class=\"uagb-container-inner-blocks-wrap\">\n<div class=\"wp-block-uagb-container uagb-block-d62058f6\">\n<div class=\"wp-block-uagb-team uagb-team__image-position-above uagb-team__align-center uagb-team__stack-tablet uagb-block-696c94f4\"><div class=\"uagb-team__content\"><img decoding=\"async\" class=\"uagb-team__image-crop-circle\" src=\"http:\/\/ccr.haxelia.com\/wp-content\/uploads\/2022\/11\/1517532199200.jpg\" alt=\"\" height=\"100\" width=\"100\" loading=\"lazy\"\/><h4 class=\"uagb-team__title\"><strong>Dr. Jos\u00e9 Hern\u00e1ndez Maraver<\/strong><\/h4><span class=\"uagb-team__prefix\">Nutrici\u00f3n y Diet\u00e9tica<\/span><p class=\"uagb-team__desc\">M\u00e9dico especialista en Nutrici\u00f3n y Diet\u00e9tica, Medicina Antienvejecimiento y Densitometr\u00eda Osea<\/p><ul class=\"uagb-team__social-list\"><li class=\"uagb-team__social-icon\"><a href=\"https:\/\/www.linkedin.com\/in\/jos%C3%A9-hern%C3%A1ndez-maraver-28384a112\/\" aria-label=\"linkedin\" target=\"_self\" title=\"\" rel=\"noopener noreferrer\"><svg xmlns=\"https:\/\/www.w3.org\/2000\/svg\" viewBox=\"0 0 448 512\"><path d=\"M416 32H31.9C14.3 32 0 46.5 0 64.3v383.4C0 465.5 14.3 480 31.9 480H416c17.6 0 32-14.5 32-32.3V64.3c0-17.8-14.4-32.3-32-32.3zM135.4 416H69V202.2h66.5V416zm-33.2-243c-21.3 0-38.5-17.3-38.5-38.5S80.9 96 102.2 96c21.2 0 38.5 17.3 38.5 38.5 0 21.3-17.2 38.5-38.5 38.5zm282.1 243h-66.4V312c0-24.8-.5-56.7-34.5-56.7-34.6 0-39.9 27-39.9 54.9V416h-66.4V202.2h63.7v29.2h.9c8.9-16.8 30.6-34.5 62.9-34.5 67.2 0 79.7 44.3 79.7 101.9V416z\"><\/path><\/svg><\/a><\/li><\/ul><\/div><\/div>\n<\/div>\n\n\n\n<div class=\"wp-block-uagb-container uagb-block-96604944\">\n<div class=\"wp-block-uagb-team uagb-team__image-position-above uagb-team__align-center uagb-team__stack-tablet uagb-block-02aa3bf2\"><div class=\"uagb-team__content\"><img decoding=\"async\" class=\"uagb-team__image-crop-circle\" src=\"http:\/\/ccr.haxelia.com\/wp-content\/uploads\/2022\/11\/Proyecto-nuevo1-150x150.jpg\" alt=\"\" height=\"100\" width=\"100\" loading=\"lazy\"\/><h4 class=\"uagb-team__title\"><strong><strong>Dr. Manuel Bull\u00f3n<\/strong><\/strong><\/h4><span class=\"uagb-team__prefix\">Cardiolog\u00eda<\/span><p class=\"uagb-team__desc\">M\u00e9dico especialista en Cardiolog\u00eda<\/p><ul class=\"uagb-team__social-list\"><\/ul><\/div><\/div>\n<\/div>\n<\/div><\/div>\n","protected":false},"excerpt":{"rendered":"<p>Equipo M\u00e9dico ZURBANO Centro Cl\u00ednico<\/p>\n","protected":false},"author":3,"featured_media":0,"parent":0,"menu_order":0,"comment_status":"closed","ping_status":"closed","template":"","meta":{"_seopress_robots_primary_cat":"","_seopress_titles_title":"Equipo M\u00e9dico | ZURBANO Centro Cl\u00ednico en Madrid","_seopress_titles_desc":"Equipo m\u00e9dico especializado en Medicina Nuclear, Radiodagn\u00f3stico, Medicina General, Nutrici\u00f3n y Diet\u00e9tica, Ginecolog\u00eda y Cardiolog\u00eda.","_seopress_robots_index":"","_uag_custom_page_level_css":"","_kad_blocks_custom_css":"","_kad_blocks_head_custom_js":"","_kad_blocks_body_custom_js":"","_kad_blocks_footer_custom_js":"","site-sidebar-layout":"no-sidebar","site-content-layout":"page-builder","ast-site-content-layout":"full-width-container","site-content-style":"unboxed","site-sidebar-style":"unboxed","ast-global-header-display":"","ast-banner-title-visibility":"","ast-main-header-display":"","ast-hfb-above-header-display":"","ast-hfb-below-header-display":"","ast-hfb-mobile-header-display":"","site-post-title":"disabled","ast-breadcrumbs-content":"","ast-featured-img":"","footer-sml-layout":"","theme-transparent-header-meta":"","adv-header-id-meta":"","stick-header-meta":"","header-above-stick-meta":"","header-main-stick-meta":"","header-below-stick-meta":"","astra-migrate-meta-layouts":"set","ast-page-background-enabled":"default","ast-page-background-meta":{"desktop":{"background-color":"","background-image":"","background-repeat":"repeat","background-position":"center center","background-size":"auto","background-attachment":"scroll","background-type":"","background-media":"","overlay-type":"","overlay-color":"","overlay-opacity":"","overlay-gradient":""},"tablet":{"background-color":"","background-image":"","background-repeat":"repeat","background-position":"center center","background-size":"auto","background-attachment":"scroll","background-type":"","background-media":"","overlay-type":"","overlay-color":"","overlay-opacity":"","overlay-gradient":""},"mobile":{"background-color":"","background-image":"","background-repeat":"repeat","background-position":"center center","background-size":"auto","background-attachment":"scroll","background-type":"","background-media":"","overlay-type":"","overlay-color":"","overlay-opacity":"","overlay-gradient":""}},"ast-content-background-meta":{"desktop":{"background-color":"var(--ast-global-color-5)","background-image":"","background-repeat":"repeat","background-position":"center center","background-size":"auto","background-attachment":"scroll","background-type":"","background-media":"","overlay-type":"","overlay-color":"","overlay-opacity":"","overlay-gradient":""},"tablet":{"background-color":"var(--ast-global-color-5)","background-image":"","background-repeat":"repeat","background-position":"center center","background-size":"auto","background-attachment":"scroll","background-type":"","background-media":"","overlay-type":"","overlay-color":"","overlay-opacity":"","overlay-gradient":""},"mobile":{"background-color":"var(--ast-global-color-5)","background-image":"","background-repeat":"repeat","background-position":"center center","background-size":"auto","background-attachment":"scroll","background-type":"","background-media":"","overlay-type":"","overlay-color":"","overlay-opacity":"","overlay-gradient":""}},"footnotes":""},"class_list":["post-986","page","type-page","status-publish","hentry"],"taxonomy_info":[],"featured_image_src_large":false,"author_info":{"display_name":"Soporte | ELC","author_link":"https:\/\/centroclinicozurbano.com\/?author=3"},"comment_info":0,"uagb_featured_image_src":{"full":false,"thumbnail":false,"medium":false,"medium_large":false,"large":false,"1536x1536":false,"2048x2048":false},"uagb_author_info":{"display_name":"Soporte | ELC","author_link":"https:\/\/centroclinicozurbano.com\/?author=3"},"uagb_comment_info":0,"uagb_excerpt":"Equipo M\u00e9dico ZURBANO Centro Cl\u00ednico","_links":{"self":[{"href":"https:\/\/centroclinicozurbano.com\/index.php?rest_route=\/wp\/v2\/pages\/986","targetHints":{"allow":["GET"]}}],"collection":[{"href":"https:\/\/centroclinicozurbano.com\/index.php?rest_route=\/wp\/v2\/pages"}],"about":[{"href":"https:\/\/centroclinicozurbano.com\/index.php?rest_route=\/wp\/v2\/types\/page"}],"author":[{"embeddable":true,"href":"https:\/\/centroclinicozurbano.com\/index.php?rest_route=\/wp\/v2\/users\/3"}],"replies":[{"embeddable":true,"href":"https:\/\/centroclinicozurbano.com\/index.php?rest_route=%2Fwp%2Fv2%2Fcomments&post=986"}],"version-history":[{"count":7,"href":"https:\/\/centroclinicozurbano.com\/index.php?rest_route=\/wp\/v2\/pages\/986\/revisions"}],"predecessor-version":[{"id":1550,"href":"https:\/\/centroclinicozurbano.com\/index.php?rest_route=\/wp\/v2\/pages\/986\/revisions\/1550"}],"wp:attachment":[{"href":"https:\/\/centroclinicozurbano.com\/index.php?rest_route=%2Fwp%2Fv2%2Fmedia&parent=986"}],"curies":[{"name":"wp","href":"https:\/\/api.w.org\/{rel}","templated":true}]}}