{"id":1093,"date":"2022-11-18T11:17:02","date_gmt":"2022-11-18T10:17:02","guid":{"rendered":"http:\/\/ccr.haxelia.com\/?page_id=1093"},"modified":"2026-01-27T17:36:03","modified_gmt":"2026-01-27T16:36:03","slug":"contacto","status":"publish","type":"page","link":"https:\/\/centroclinicozurbano.com\/?page_id=1093","title":{"rendered":"Contacto"},"content":{"rendered":"\n<div class=\"wp-block-uagb-container uagb-block-9e37472f alignfull uagb-is-root-container\"><div class=\"uagb-container-inner-blocks-wrap\"><\/div><\/div>\n\n\n\n<div class=\"wp-block-uagb-container uagb-block-6dc6e2bd alignfull uagb-is-root-container\"><div class=\"uagb-container-inner-blocks-wrap\">\n<div class=\"wp-block-uagb-advanced-heading uagb-block-4ffc1b19\"><h2 class=\"uagb-heading-text\">Cont\u00e1ctanos<\/h2><\/div>\n<\/div><\/div>\n\n\n\n<div class=\"wp-block-uagb-container uagb-block-5dfb3d5f alignfull uagb-is-root-container\"><div class=\"uagb-container-inner-blocks-wrap\">\n<div class=\"wp-block-uagb-container uagb-block-002412ff\"><style>.kb-form input.kadence-blocks-field.verify{opacity:0.0;position:absolute;top:0.0;left:0.0;width:0.0;height:0.0;z-index:-1;}<\/style>\n<div class=\"wp-block-kadence-form kadence-form-1093_7d1893-39 kb-form-wrap\"><form class=\"kb-form\" action=\"\" method=\"post\"><div class=\"kadence-blocks-form-field kb-field-desk-width-100 kb-input-size-standard\"><input name=\"kb_field_0\" id=\"kb_field_1093_7d1893-39_0\" data-label=\"Nombre\" type=\"text\" placeholder=\"Nombre y Apellidos*\" value=\"\" data-type=\"text\" class=\"kb-field kb-text-style-field kb-text-field kb-field-0\" data-required=\"yes\"\/><\/div><div class=\"kadence-blocks-form-field kb-form-field-1 kb-field-desk-width-50 kb-input-size-standard\"><input name=\"kb_field_1\" id=\"kb_field_1093_7d1893-39_1\" data-label=\"telefono\" type=\"tel\" placeholder=\"Tel\u00e9fono\" value=\"\" data-type=\"tel\" class=\"kb-field kb-text-style-field kb-tel-field kb-field-1\" autocomplete=\"tel\" data-required=\"yes\"\/><\/div><div class=\"kadence-blocks-form-field kb-form-field-2 kb-field-desk-width-50 kb-input-size-standard\"><input name=\"kb_field_2\" id=\"kb_field_1093_7d1893-39_2\" data-label=\"Email\" type=\"email\" placeholder=\"Correo Electr\u00f3nico*\" value=\"\" data-type=\"email\" class=\"kb-field kb-text-style-field kb-email-field kb-field-2\" data-required=\"yes\"\/><\/div><div class=\"kadence-blocks-form-field kb-form-field-3 kb-field-desk-width-100 kb-input-size-standard\"><textarea name=\"kb_field_3\" id=\"kb_field_1093_7d1893-39_3\" data-label=\"Mensaje\" type=\"textarea\" placeholder=\"Comentarios\" data-type=\"textarea\" class=\"kb-field kb-text-style-field kb-textarea-field kb-field-3\" rows=\"4\" data-required=\"yes\"><\/textarea><\/div><div class=\"kadence-blocks-form-field kb-form-field-4 kb-field-desk-width-100 kb-input-size-standard kb-accept-form-field\"><a href=\"\/politica-privacidad\/\" target=\"_blank\" rel=\"noopener noreferrer\" class=\"kb-accept-link\">Ver la Pol\u00edtica de Privacidad.<\/a><input type=\"checkbox\" name=\"kb_field_4\" id=\"kb_field_1093_7d1893-39_4\" class=\"kb-field kb-checkbox-style kb-accept\" value=\"accept\" data-type=\"accept\" data-required=\"yes\"\/><label for=\"kb_field_1093_7d1893-39_4\">He le\u00eddo y acepto la Pol\u00edtica de Privacidad.<span class=\"required\">*<\/span><\/label><span class=\"kb-field-help\">El responsable del fichero, usar\u00e1 esta informaci\u00f3n para responder a las solicitudes de contacto. Los datos enviados se guardar\u00e1n en Hosting dentro de la UE. Puedes acceder, rectificar o suprimir los mismos si lo deseas a trav\u00e9s del correo recepcion@centroclinicozurbano.com<\/span><\/div><input type=\"hidden\" name=\"_kb_form_id\" value=\"1093_7d1893-39\"\/><input type=\"hidden\" name=\"_kb_form_post_id\" value=\"1093\"\/><input type=\"hidden\" name=\"action\" value=\"kb_process_ajax_submit\"\/><input class=\"kadence-blocks-field verify\" type=\"text\" name=\"_kb_verify_email\" autocomplete=\"new-password\" aria-hidden=\"true\" placeholder=\"Email\" tabindex=\"-1\" data-1p-ignore=\"true\" data-lpignore=\"true\" \/><div class=\"kadence-blocks-form-field kb-submit-field kb-field-desk-width-100\"><button class=\"kb-forms-submit button kb-button-size-standard kb-button-width-auto\">Enviar<\/button><\/div><\/form><\/div>\n<noscript><div class=\"kadence-blocks-form-message kadence-blocks-form-warning\">Activar JavaScript en tu navegador para enviar el formulario<\/div><style>.kadence-form-1093_7d1893-39 .kadence-blocks-form-field.kb-submit-field { display: none; }<\/style><\/noscript><\/div>\n\n\n\n<div class=\"wp-block-uagb-container uagb-block-b5cf1d1a\">\n<h5 class=\"wp-block-heading\">Centro Cl\u00ednico Zurbano<\/h5>\n\n\n\n<p>C\/ Zurbano, 29 Bajo<br>28010 Madrid<br>T. 91 308 47 74<br><a href=\"mailto:recepcion@centroclinicozurbano.com\">recepcion@centroclinicozurbano.com<\/a><br><br>Horario de atenci\u00f3n: 8.30 a 14:00 y de 16:00 a 20:00 de lunes a viernes<br>Parking C\/ Almagro, 15<br>Metro: Alonso Mart\u00ednez, y Ruben Dar\u00edo.<\/p>\n\n\n\n<iframe src=\"https:\/\/www.google.com\/maps\/embed?pb=!1m18!1m12!1m3!1d759.2464738363203!2d-3.694117170751227!3d40.431311219537754!2m3!1f0!2f0!3f0!3m2!1i1024!2i768!4f13.1!3m3!1m2!1s0xd42288d70dcace3%3A0xad5404579a7cd396!2sCentro%20Cl%C3%ADnico%20Zurbano!5e0!3m2!1ses!2ses!4v1668766908726!5m2!1ses!2ses\" style=\"border:0;\" allowfullscreen=\"\" loading=\"lazy\" referrerpolicy=\"no-referrer-when-downgrade\" width=\"600\" height=\"450\"><\/iframe>\n<\/div>\n<\/div><\/div>\n","protected":false},"excerpt":{"rendered":"<p>Cont\u00e1ctanos Centro Cl\u00ednico Zurbano C\/ Zurbano, 29 Bajo28010 MadridT. 91 308 47 74recepcion@centroclinicozurbano.com Horario de atenci\u00f3n: 8.30 a 14:00 y de 16:00 a 20:00 de lunes a viernesParking C\/ Almagro, 15Metro: Alonso Mart\u00ednez, y Ruben Dar\u00edo.<\/p>\n","protected":false},"author":3,"featured_media":0,"parent":0,"menu_order":0,"comment_status":"closed","ping_status":"closed","template":"","meta":{"_seopress_robots_primary_cat":"","_seopress_titles_title":"Contacto | ZURBANO Centro Cl\u00ednico en Madrid","_seopress_titles_desc":"Nos encontrar\u00e1s en Zurbano, 29. 28010 Madrid T. 91 308 47 74. Nuestro horario de atenci\u00f3n es: 8.30 a 14:00 y de 16:00 a 20:00 de lunes a viernes","_seopress_robots_index":"","_uag_custom_page_level_css":"","_kad_blocks_custom_css":"","_kad_blocks_head_custom_js":"","_kad_blocks_body_custom_js":"","_kad_blocks_footer_custom_js":"","site-sidebar-layout":"no-sidebar","site-content-layout":"plain-container","ast-site-content-layout":"full-width-container","site-content-style":"unboxed","site-sidebar-style":"unboxed","ast-global-header-display":"","ast-banner-title-visibility":"","ast-main-header-display":"","ast-hfb-above-header-display":"","ast-hfb-below-header-display":"","ast-hfb-mobile-header-display":"","site-post-title":"disabled","ast-breadcrumbs-content":"","ast-featured-img":"","footer-sml-layout":"","theme-transparent-header-meta":"","adv-header-id-meta":"","stick-header-meta":"","header-above-stick-meta":"","header-main-stick-meta":"","header-below-stick-meta":"","astra-migrate-meta-layouts":"set","ast-page-background-enabled":"default","ast-page-background-meta":{"desktop":{"background-color":"","background-image":"","background-repeat":"repeat","background-position":"center center","background-size":"auto","background-attachment":"scroll","background-type":"","background-media":"","overlay-type":"","overlay-color":"","overlay-opacity":"","overlay-gradient":""},"tablet":{"background-color":"","background-image":"","background-repeat":"repeat","background-position":"center center","background-size":"auto","background-attachment":"scroll","background-type":"","background-media":"","overlay-type":"","overlay-color":"","overlay-opacity":"","overlay-gradient":""},"mobile":{"background-color":"","background-image":"","background-repeat":"repeat","background-position":"center center","background-size":"auto","background-attachment":"scroll","background-type":"","background-media":"","overlay-type":"","overlay-color":"","overlay-opacity":"","overlay-gradient":""}},"ast-content-background-meta":{"desktop":{"background-color":"var(--ast-global-color-5)","background-image":"","background-repeat":"repeat","background-position":"center center","background-size":"auto","background-attachment":"scroll","background-type":"","background-media":"","overlay-type":"","overlay-color":"","overlay-opacity":"","overlay-gradient":""},"tablet":{"background-color":"var(--ast-global-color-5)","background-image":"","background-repeat":"repeat","background-position":"center center","background-size":"auto","background-attachment":"scroll","background-type":"","background-media":"","overlay-type":"","overlay-color":"","overlay-opacity":"","overlay-gradient":""},"mobile":{"background-color":"var(--ast-global-color-5)","background-image":"","background-repeat":"repeat","background-position":"center center","background-size":"auto","background-attachment":"scroll","background-type":"","background-media":"","overlay-type":"","overlay-color":"","overlay-opacity":"","overlay-gradient":""}},"footnotes":""},"class_list":["post-1093","page","type-page","status-publish","hentry"],"taxonomy_info":[],"featured_image_src_large":false,"author_info":{"display_name":"Soporte | ELC","author_link":"https:\/\/centroclinicozurbano.com\/?author=3"},"comment_info":0,"uagb_featured_image_src":{"full":false,"thumbnail":false,"medium":false,"medium_large":false,"large":false,"1536x1536":false,"2048x2048":false},"uagb_author_info":{"display_name":"Soporte | ELC","author_link":"https:\/\/centroclinicozurbano.com\/?author=3"},"uagb_comment_info":0,"uagb_excerpt":"Cont\u00e1ctanos Centro Cl\u00ednico Zurbano C\/ Zurbano, 29 Bajo28010 MadridT. 91 308 47 74recepcion@centroclinicozurbano.com Horario de atenci\u00f3n: 8.30 a 14:00 y de 16:00 a 20:00 de lunes a viernesParking C\/ Almagro, 15Metro: Alonso Mart\u00ednez, y Ruben Dar\u00edo.","_links":{"self":[{"href":"https:\/\/centroclinicozurbano.com\/index.php?rest_route=\/wp\/v2\/pages\/1093","targetHints":{"allow":["GET"]}}],"collection":[{"href":"https:\/\/centroclinicozurbano.com\/index.php?rest_route=\/wp\/v2\/pages"}],"about":[{"href":"https:\/\/centroclinicozurbano.com\/index.php?rest_route=\/wp\/v2\/types\/page"}],"author":[{"embeddable":true,"href":"https:\/\/centroclinicozurbano.com\/index.php?rest_route=\/wp\/v2\/users\/3"}],"replies":[{"embeddable":true,"href":"https:\/\/centroclinicozurbano.com\/index.php?rest_route=%2Fwp%2Fv2%2Fcomments&post=1093"}],"version-history":[{"count":15,"href":"https:\/\/centroclinicozurbano.com\/index.php?rest_route=\/wp\/v2\/pages\/1093\/revisions"}],"predecessor-version":[{"id":1553,"href":"https:\/\/centroclinicozurbano.com\/index.php?rest_route=\/wp\/v2\/pages\/1093\/revisions\/1553"}],"wp:attachment":[{"href":"https:\/\/centroclinicozurbano.com\/index.php?rest_route=%2Fwp%2Fv2%2Fmedia&parent=1093"}],"curies":[{"name":"wp","href":"https:\/\/api.w.org\/{rel}","templated":true}]}}